{"id":2080,"date":"2021-07-04T15:35:58","date_gmt":"2021-07-04T15:35:58","guid":{"rendered":"https:\/\/lamdesignvn599.chiliweb.org\/?page_id=2080"},"modified":"2023-07-04T02:31:48","modified_gmt":"2023-07-04T02:31:48","slug":"blog-masonry","status":"publish","type":"page","link":"https:\/\/lam-design.vn\/vi\/blog-masonry\/","title":{"rendered":"Tin t\u1ee9c"},"content":{"rendered":"\t\t<div data-elementor-type=\"wp-page\" data-elementor-id=\"2080\" class=\"elementor elementor-2080\">\n\t\t\t\t\t\t\t\t\t<section class=\"elementor-section elementor-top-section elementor-element elementor-element-a41e2b2 elementor-section-full_width elementor-section-height-default elementor-section-height-default\" data-id=\"a41e2b2\" data-element_type=\"section\">\n\t\t\t\t\t\t<div class=\"elementor-container elementor-column-gap-no\">\n\t\t\t\t\t<div class=\"elementor-column elementor-col-100 elementor-top-column elementor-element elementor-element-97c067e\" data-id=\"97c067e\" data-element_type=\"column\">\n\t\t\t<div class=\"elementor-widget-wrap elementor-element-populated\">\n\t\t\t\t\t\t\t\t<div class=\"elementor-element elementor-element-4f6d00e elementor-widget elementor-widget-larson-intro\" data-id=\"4f6d00e\" data-element_type=\"widget\" data-widget_type=\"larson-intro.default\">\n\t\t\t\t<div class=\"elementor-widget-container\">\n\t\t\t\n\t\t<article class=\"article\">\n\t        <header class=\"article__header\">\n\t          <div class=\"container\">\n\t            \t            <h1 class=\"article__heading heading heading--size-large\">\n\t            \t<span >\n\t\t\t\t\t\tNews\t\t\t\t\t<\/span>\n\t            <\/h1>\n\t            \t            \t          <\/div>\n\t        <\/header>\n\t        \t    <\/article>\n\n\t\t\t\t<\/div>\n\t\t\t\t<\/div>\n\t\t\t\t\t<\/div>\n\t\t<\/div>\n\t\t\t\t\t\t\t<\/div>\n\t\t<\/section>\n\t\t\t\t<section class=\"elementor-section elementor-top-section elementor-element elementor-element-a301033 elementor-section-full_width elementor-section-height-default elementor-section-height-default\" data-id=\"a301033\" data-element_type=\"section\">\n\t\t\t\t\t\t<div class=\"elementor-container elementor-column-gap-no\">\n\t\t\t\t\t<div class=\"elementor-column elementor-col-100 elementor-top-column elementor-element elementor-element-82b94f1\" data-id=\"82b94f1\" data-element_type=\"column\">\n\t\t\t<div class=\"elementor-widget-wrap elementor-element-populated\">\n\t\t\t\t\t\t\t\t<div class=\"elementor-element elementor-element-fe874a2 elementor-widget elementor-widget-larson-blog\" data-id=\"fe874a2\" data-element_type=\"widget\" data-widget_type=\"larson-blog.default\">\n\t\t\t\t<div class=\"elementor-widget-container\">\n\t\t\t\n\t\t\t\t  <!-- Filter projects-->\n          <div class=\"article__filter filter container\">\n            <button class=\"filter__item filter__item--active __js_filter-btn\" type=\"button\" data-filter=\"*\">All<\/button>\n                        <button class=\"filter__item __js_filter-btn\" type=\"button\" data-filter=\".__js_inspiration\">Inspiration<\/button>\n                        <button class=\"filter__item __js_filter-btn\" type=\"button\" data-filter=\".__js_chua-duoc-phan-loai\">Ch\u01b0a \u0111\u01b0\u1ee3c ph\u00e2n lo\u1ea1i<\/button>\n                        <button class=\"filter__item __js_filter-btn\" type=\"button\" data-filter=\".__js_architecture-vi\">Architecture<\/button>\n                      <\/div>\n        \n\t\t<div class=\"article__main article__main--width-full container\">\n                    <ul class=\"news-listing row __js_news-grid news-grid-col-4\">\n          \t<li class=\"grid-sizer\"><\/li>\n          \t\n\n<li id=\"post-1\" class=\"news-listing__item news-listing__item--auto col-12 col-md-6 col-xl-3 __js_masonry-item __js_chua-duoc-phan-loai  post-1 post type-post status-publish format-standard hentry category-chua-duoc-phan-loai\">\n  <div class=\"card card--small card--masonry card--news card--news-masonry\">\n        <div class=\"card__content card__content--full\">\n      <div class=\"card__date\">17 June, 2023<\/div>\n      <h3 class=\"card__heading\">Ch\u00e0o t\u1ea5t c\u1ea3 m\u1ecdi ng\u01b0\u1eddi!<\/h3>\n            <div class=\"card__text\"><p>C\u1ea3m \u01a1n v\u00ec \u0111\u00e3 s\u1eed d\u1ee5ng WordPress. \u0110\u00e2y l\u00e0 b\u00e0i vi\u1ebft \u0111\u1ea7u ti\u00ean c\u1ee7a b\u1ea1n. S\u1eeda ho\u1eb7c x\u00f3a n\u00f3, v\u00e0 b\u1eaft \u0111\u1ea7u b\u00e0i vi\u1ebft c\u1ee7a b\u1ea1n nh\u00e9!<\/p>\n<\/div>\n            <div class=\"card__bottom\">\n        <a class=\"card__link\" href=\"https:\/\/lam-design.vn\/vi\/chao-moi-nguoi\/\">\n          Learn more          <svg width=\"20\" height=\"20\">\n            <use xlink:href=\"#chevron-right\"><\/use>\n          <\/svg>\n        <\/a>\n      <\/div>\n    <\/div>\n  <\/div>\n<\/li><!-- #post-1 -->\n\n<li id=\"post-2696\" class=\"news-listing__item news-listing__item--auto col-12 col-md-6 col-xl-3 __js_masonry-item  post-2696 post type-post status-publish format-standard has-post-thumbnail hentry\">\n  <div class=\"card card--small card--masonry card--news card--news-masonry\">\n        <div class=\"card__image\">\n      <img decoding=\"async\" src=\"https:\/\/lam-design.vn\/wp-content\/uploads\/2021\/07\/item-2.jpg\" alt=\"Geometric Square Villa In Germany\" \/>\n    <\/div>\n        <div class=\"card__content card__content--full\">\n      <div class=\"card__date\">1 August, 2021<\/div>\n      <h3 class=\"card__heading\">Geometric Square Villa In Germany<\/h3>\n            <div class=\"card__text\"><p>To mark the first UK show of artist Henri Barande My job is simple and sophisticated, so it is possible to describe and simple, and flowery language. I love the feel and sophistication of its superiority. I like people with a keen mind and at the same time easy to&#8230; <\/p>\n<div class=\"readmore\"><a href=\"https:\/\/lam-design.vn\/vi\/geometric-square-villa-in-germany\/\" class=\"btn-link\">Read more<\/a><\/div>\n<\/div>\n            <div class=\"card__bottom\">\n        <a class=\"card__link\" href=\"https:\/\/lam-design.vn\/vi\/geometric-square-villa-in-germany\/\">\n          Learn more          <svg width=\"20\" height=\"20\">\n            <use xlink:href=\"#chevron-right\"><\/use>\n          <\/svg>\n        <\/a>\n      <\/div>\n    <\/div>\n  <\/div>\n<\/li><!-- #post-2696 -->\n\n<li id=\"post-1079\" class=\"news-listing__item news-listing__item--auto col-12 col-md-6 col-xl-3 __js_masonry-item __js_interior  post-1079 post type-post status-publish format-standard has-post-thumbnail hentry category-interior\">\n  <div class=\"card card--small card--masonry card--news card--news-masonry\">\n        <div class=\"card__image\">\n      <img decoding=\"async\" src=\"https:\/\/lam-design.vn\/wp-content\/uploads\/2021\/08\/slide-1-1.jpg\" alt=\"Redesign Exterior Of EMME Officie\" \/>\n    <\/div>\n        <div class=\"card__content card__content--full\">\n      <div class=\"card__date\">1 August, 2021<\/div>\n      <h3 class=\"card__heading\">Redesign Exterior Of EMME Officie<\/h3>\n            <div class=\"card__text\"><p>To mark the first UK show of artist Henri Barande My job is simple and sophisticated, so it is possible to describe and simple, and flowery language. I love the feel and sophistication of its superiority. I like people with a keen mind and at the same time easy to&#8230; <\/p>\n<div class=\"readmore\"><a href=\"https:\/\/lam-design.vn\/vi\/redesign-exterior-of-emme-officie\/\" class=\"btn-link\">Read more<\/a><\/div>\n<\/div>\n            <div class=\"card__bottom\">\n        <a class=\"card__link\" href=\"https:\/\/lam-design.vn\/vi\/redesign-exterior-of-emme-officie\/\">\n          Learn more          <svg width=\"20\" height=\"20\">\n            <use xlink:href=\"#chevron-right\"><\/use>\n          <\/svg>\n        <\/a>\n      <\/div>\n    <\/div>\n  <\/div>\n<\/li><!-- #post-1079 -->\n\n<li id=\"post-1075\" class=\"news-listing__item news-listing__item--auto col-12 col-md-6 col-xl-3 __js_masonry-item __js_inspiration  post-1075 post type-post status-publish format-standard has-post-thumbnail hentry category-inspiration\">\n  <div class=\"card card--small card--masonry card--news card--news-masonry\">\n        <div class=\"card__image\">\n      <img decoding=\"async\" src=\"https:\/\/lam-design.vn\/wp-content\/uploads\/2021\/07\/bg-1.jpg\" alt=\"House, Near Wrocklow\" \/>\n    <\/div>\n        <div class=\"card__content card__content--full\">\n      <div class=\"card__date\">1 August, 2021<\/div>\n      <h3 class=\"card__heading\">House, Near Wrocklow<\/h3>\n            <div class=\"card__text\"><p>To mark the first UK show of artist Henri Barande My job is simple and sophisticated, so it is possible to describe and simple, and flowery language. I love the feel and sophistication of its superiority. I like people with a keen mind and at the same time easy to&#8230; <\/p>\n<div class=\"readmore\"><a href=\"https:\/\/lam-design.vn\/vi\/house-near-wrocklow\/\" class=\"btn-link\">Read more<\/a><\/div>\n<\/div>\n            <div class=\"card__bottom\">\n        <a class=\"card__link\" href=\"https:\/\/lam-design.vn\/vi\/house-near-wrocklow\/\">\n          Learn more          <svg width=\"20\" height=\"20\">\n            <use xlink:href=\"#chevron-right\"><\/use>\n          <\/svg>\n        <\/a>\n      <\/div>\n    <\/div>\n  <\/div>\n<\/li><!-- #post-1075 -->\n\n<li id=\"post-512\" class=\"news-listing__item news-listing__item--auto col-12 col-md-6 col-xl-3 __js_masonry-item __js_inspiration  post-512 post type-post status-publish format-standard has-post-thumbnail hentry category-inspiration tag-decoation tag-inspiration tag-minimal tag-workspace\">\n  <div class=\"card card--small card--masonry card--news card--news-masonry\">\n        <div class=\"card__image\">\n      <img decoding=\"async\" src=\"https:\/\/lam-design.vn\/wp-content\/uploads\/2021\/06\/p-8-1.jpeg\" alt=\"Inspiring design trends this fall\" \/>\n    <\/div>\n        <div class=\"card__content card__content--full\">\n      <div class=\"card__date\">4 July, 2021<\/div>\n      <h3 class=\"card__heading\">Inspiring design trends this fall<\/h3>\n            <div class=\"card__text\"><p>To mark the first UK show of artist Henri Barande My job is simple and sophisticated, so it is possible to describe and simple, and flowery language. I love the feel and sophistication of its superiority. I like people with a keen mind and at the same time easy to&#8230; <\/p>\n<div class=\"readmore\"><a href=\"https:\/\/lam-design.vn\/vi\/modern-design\/\" class=\"btn-link\">Read more<\/a><\/div>\n<\/div>\n            <div class=\"card__bottom\">\n        <a class=\"card__link\" href=\"https:\/\/lam-design.vn\/vi\/modern-design\/\">\n          Learn more          <svg width=\"20\" height=\"20\">\n            <use xlink:href=\"#chevron-right\"><\/use>\n          <\/svg>\n        <\/a>\n      <\/div>\n    <\/div>\n  <\/div>\n<\/li><!-- #post-512 -->\n\n<li id=\"post-73\" class=\"news-listing__item news-listing__item--auto col-12 col-md-6 col-xl-3 __js_masonry-item __js_architecture  post-73 post type-post status-publish format-standard has-post-thumbnail hentry category-architecture\">\n  <div class=\"card card--small card--masonry card--news card--news-masonry\">\n        <div class=\"card__image\">\n      <img decoding=\"async\" src=\"https:\/\/lam-design.vn\/wp-content\/uploads\/2021\/06\/post-2.jpeg\" alt=\"Minimalism and Interior Designs\" \/>\n    <\/div>\n        <div class=\"card__content card__content--full\">\n      <div class=\"card__date\">9 June, 2021<\/div>\n      <h3 class=\"card__heading\">Minimalism and Interior Designs<\/h3>\n            <div class=\"card__text\"><p>To mark the first UK show of artist Henri Barande My job is simple and sophisticated, so it is possible to describe and simple, and flowery language. I love the feel and sophistication of its superiority. I like people with a keen mind and at the same time easy to&#8230; <\/p>\n<div class=\"readmore\"><a href=\"https:\/\/lam-design.vn\/vi\/modern-architecture\/\" class=\"btn-link\">Read more<\/a><\/div>\n<\/div>\n            <div class=\"card__bottom\">\n        <a class=\"card__link\" href=\"https:\/\/lam-design.vn\/vi\/modern-architecture\/\">\n          Learn more          <svg width=\"20\" height=\"20\">\n            <use xlink:href=\"#chevron-right\"><\/use>\n          <\/svg>\n        <\/a>\n      <\/div>\n    <\/div>\n  <\/div>\n<\/li><!-- #post-73 -->\n\n<li id=\"post-65\" class=\"news-listing__item news-listing__item--auto col-12 col-md-6 col-xl-3 __js_masonry-item __js_interior  post-65 post type-post status-publish format-standard has-post-thumbnail hentry category-interior\">\n  <div class=\"card card--small card--masonry card--news card--news-masonry\">\n        <div class=\"card__image\">\n      <img decoding=\"async\" src=\"https:\/\/lam-design.vn\/wp-content\/uploads\/2021\/07\/post-0.jpeg\" alt=\"Interior &#038; Architecture design trends 2021\" \/>\n    <\/div>\n        <div class=\"card__content card__content--full\">\n      <div class=\"card__date\">9 June, 2021<\/div>\n      <h3 class=\"card__heading\">Interior &#038; Architecture design trends 2021<\/h3>\n            <div class=\"card__text\"><p>To mark the first UK show of artist Henri Barande My job is simple and sophisticated, so it is possible to describe and simple, and flowery language. I love the feel and sophistication of its superiority. I like people with a keen mind and at the same time easy to&#8230; <\/p>\n<div class=\"readmore\"><a href=\"https:\/\/lam-design.vn\/vi\/discover-architecture\/\" class=\"btn-link\">Read more<\/a><\/div>\n<\/div>\n            <div class=\"card__bottom\">\n        <a class=\"card__link\" href=\"https:\/\/lam-design.vn\/vi\/discover-architecture\/\">\n          Learn more          <svg width=\"20\" height=\"20\">\n            <use xlink:href=\"#chevron-right\"><\/use>\n          <\/svg>\n        <\/a>\n      <\/div>\n    <\/div>\n  <\/div>\n<\/li><!-- #post-65 -->          <\/ul>\n\n                  <\/div>\n\n\t\t\t\t<\/div>\n\t\t\t\t<\/div>\n\t\t\t\t\t<\/div>\n\t\t<\/div>\n\t\t\t\t\t\t\t<\/div>\n\t\t<\/section>\n\t\t\t\t\t\t\t<\/div>\n\t\t","protected":false},"excerpt":{"rendered":"<p>Tin t\u1ee9c T\u1ea5t c\u1ea3 Interior Inspiration Decoration Architecture August 1, 2021 Geometric Square Villa In Germany To mark the first UK show of artist Henri Barande\u2026 \u0110\u1ecdc th\u00eam T\u00ecm hi\u1ec3u th\u00eam &nbsp; August 1, 2021 Redesign Exterior Of EMME Officie To mark the first UK show of artist Henri Barande\u2026&#8230; <\/p>\n<div class=\"readmore\"><a href=\"https:\/\/lam-design.vn\/vi\/discover-architecture\/\" class=\"btn-link\">Read more<\/a><\/div>\n","protected":false},"author":1,"featured_media":0,"parent":0,"menu_order":0,"comment_status":"closed","ping_status":"closed","template":"template-elementor-default.php","meta":{"_mi_skip_tracking":false,"_monsterinsights_sitenote_active":false,"_monsterinsights_sitenote_note":"","_monsterinsights_sitenote_category":0},"aioseo_notices":[],"_links":{"self":[{"href":"https:\/\/lam-design.vn\/vi\/wp-json\/wp\/v2\/pages\/2080"}],"collection":[{"href":"https:\/\/lam-design.vn\/vi\/wp-json\/wp\/v2\/pages"}],"about":[{"href":"https:\/\/lam-design.vn\/vi\/wp-json\/wp\/v2\/types\/page"}],"author":[{"embeddable":true,"href":"https:\/\/lam-design.vn\/vi\/wp-json\/wp\/v2\/users\/1"}],"replies":[{"embeddable":true,"href":"https:\/\/lam-design.vn\/vi\/wp-json\/wp\/v2\/comments?post=2080"}],"version-history":[{"count":2,"href":"https:\/\/lam-design.vn\/vi\/wp-json\/wp\/v2\/pages\/2080\/revisions"}],"predecessor-version":[{"id":2695,"href":"https:\/\/lam-design.vn\/vi\/wp-json\/wp\/v2\/pages\/2080\/revisions\/2695"}],"wp:attachment":[{"href":"https:\/\/lam-design.vn\/vi\/wp-json\/wp\/v2\/media?parent=2080"}],"curies":[{"name":"wp","href":"https:\/\/api.w.org\/{rel}","templated":true}]}}