{"id":2199,"date":"2023-07-03T08:18:21","date_gmt":"2023-07-03T08:18:21","guid":{"rendered":"https:\/\/lamdesignvn599.chiliweb.org\/?page_id=2199"},"modified":"2023-07-03T08:18:21","modified_gmt":"2023-07-03T08:18:21","slug":"ong-hoang-phuc","status":"publish","type":"page","link":"https:\/\/lam-design.vn\/vi\/team-profile\/ong-hoang-phuc\/","title":{"rendered":"\u00d4NG HO\u00c0NG PH\u00daC"},"content":{"rendered":"<p style=\"text-align: center;\">\u00d4NG HO\u00c0NG PH\u00daC<\/p>\n<p style=\"text-align: center;\">Gi\u00e1m \u0111\u1ed1c \u0111i\u1ec1u h\u00e0nh<\/p>\n<p><strong>H\u1ecdc v\u1ea5n<\/strong><\/p>\n<p>1994 &#8211; 2000: C\u1eed nh\u00e2n Ki\u1ebfn tr\u00fac<strong><\/strong><\/p>\n<p>\u0110\u1ea1i h\u1ecdc Ki\u1ebfn tr\u00fac Th\u00e0nh ph\u1ed1 H\u1ed3 Ch\u00ed Minh, Vi\u1ec7t Nam<\/p>\n<p><strong>Kinh nghi\u1ec7m l\u00e0m vi\u1ec7c<\/strong><\/p>\n<p>2017 &#8211; Nay: Gi\u00e1m \u0111\u1ed1c \u0111i\u1ec1u h\u00e0nh<strong><\/strong><\/p>\n<p><strong>LAM Design, Th\u00e0nh ph\u1ed1 H\u1ed3 Ch\u00ed Minh, Vi\u1ec7t Nam<\/strong><\/p>\n<ul>\n<li>D\u1ef1 \u00e1n: Kh\u00e1ch s\u1ea1n Bay Capital, TP \u0110\u00e0 N\u1eb5ng<br \/>\nKh\u00e1ch h\u00e0ng: Bay Capital Vi\u1ec7t Nam<br \/>\nTh\u00f4ng tin: kh\u00e1ch s\u1ea1n 5 sao<\/li>\n<li>D\u1ef1 \u00e1n: Kh\u00e1ch s\u1ea1n La Paix, TP.HCM<br \/>\nKh\u00e1ch h\u00e0ng : C\u00f4ng ty du l\u1ecbch Qu\u00e2n Huy<br \/>\nTh\u00f4ng tin: Kh\u00e1ch s\u1ea1n Boutique<\/li>\n<li>D\u1ef1 \u00e1n: Khu d\u00e2n c\u01b0 B\u1eafc H\u1ed9i An<br \/>\nKh\u00e1ch h\u00e0ng : T\u1eadp \u0111o\u00e0n H&amp;B<br \/>\nTh\u00f4ng tin: Nh\u00e0 &amp; Bi\u1ec7t th\u1ef1<\/li>\n<li>D\u1ef1 \u00e1n: B\u00ecnh Ti\u00ean Residences, B\u00ecnh Thu\u1eadn<br \/>\nKh\u00e1ch h\u00e0ng : Trung Nam Group<br \/>\nTh\u00f4ng tin: Bi\u1ec7t th\u1ef1<\/li>\n<\/ul>\n<p>2014 &#8211; 2017: Chuy\u00ean vi\u00ean thi\u1ebft k\u1ebf cao c\u1ea5p<strong><\/strong><\/p>\n<p><strong>SIRHALO, Th\u00e0nh ph\u1ed1 H\u1ed3 Ch\u00ed Minh, Vi\u1ec7t Nam<\/strong><\/p>\n<ul>\n<li>D\u1ef1 \u00e1n: The Beach Phi Phi resort, ThaiLand<br \/>\nKh\u00e1ch h\u00e0ng: Bugatti<br \/>\nInfo: 5 stars resort<\/li>\n<li>Project: Crowne Plaza Vientiane<br \/>\nClient : BIM Group<br \/>\nInfo: 5 stars city hotel<\/li>\n<li>Project: Vinpearl Halong hotel &amp; resort<br \/>\nClient : Vingroup<br \/>\nInfo: 5 stars hotel &amp; resort<\/li>\n<li>Project: Ibis Styles Nha Trang<br \/>\nClient : Liberty group<br \/>\nInfo: 4 stars hotel<\/li>\n<\/ul>\n<p>2009- 2014: <strong>Interior Architect<\/strong><br \/>\n<strong>TTT corporation<\/strong>, Ho Chi Minh city,Vietnam<\/p>\n","protected":false},"excerpt":{"rendered":"<p>\u00d4NG HO\u00c0NG PH\u00daC Gi\u00e1m \u0111\u1ed1c \u0111i\u1ec1u h\u00e0nh H\u1ecdc v\u1ea5n 1994 &#8211; 2000: C\u1eed nh\u00e2n Ki\u1ebfn tr\u00fac \u0110\u1ea1i h\u1ecdc Ki\u1ebfn tr\u00fac Th\u00e0nh ph\u1ed1 H\u1ed3 Ch\u00ed Minh, Vi\u1ec7t Nam Kinh nghi\u1ec7m l\u00e0m vi\u1ec7c 2017 &#8211; Nay: Gi\u00e1m \u0111\u1ed1c \u0111i\u1ec1u h\u00e0nh LAM Design, Th\u00e0nh ph\u1ed1 H\u1ed3 Ch\u00ed Minh, Vi\u1ec7t Nam D\u1ef1 \u00e1n: Kh\u00e1ch&#8230; <\/p>\n<div class=\"readmore\"><a href=\"https:\/\/lam-design.vn\/vi\/team-profile\/ong-hoang-phuc\/\" class=\"btn-link\">Read more<\/a><\/div>\n","protected":false},"author":2,"featured_media":0,"parent":2555,"menu_order":0,"comment_status":"closed","ping_status":"closed","template":"template-elementor-default.php","meta":{"_mi_skip_tracking":false,"_monsterinsights_sitenote_active":false,"_monsterinsights_sitenote_note":"","_monsterinsights_sitenote_category":0},"aioseo_notices":[],"_links":{"self":[{"href":"https:\/\/lam-design.vn\/vi\/wp-json\/wp\/v2\/pages\/2199"}],"collection":[{"href":"https:\/\/lam-design.vn\/vi\/wp-json\/wp\/v2\/pages"}],"about":[{"href":"https:\/\/lam-design.vn\/vi\/wp-json\/wp\/v2\/types\/page"}],"author":[{"embeddable":true,"href":"https:\/\/lam-design.vn\/vi\/wp-json\/wp\/v2\/users\/2"}],"replies":[{"embeddable":true,"href":"https:\/\/lam-design.vn\/vi\/wp-json\/wp\/v2\/comments?post=2199"}],"version-history":[{"count":0,"href":"https:\/\/lam-design.vn\/vi\/wp-json\/wp\/v2\/pages\/2199\/revisions"}],"up":[{"embeddable":true,"href":"https:\/\/lam-design.vn\/vi\/wp-json\/wp\/v2\/pages\/2555"}],"wp:attachment":[{"href":"https:\/\/lam-design.vn\/vi\/wp-json\/wp\/v2\/media?parent=2199"}],"curies":[{"name":"wp","href":"https:\/\/api.w.org\/{rel}","templated":true}]}}