{"id":2544,"date":"2021-06-27T11:03:12","date_gmt":"2021-06-27T11:03:12","guid":{"rendered":"https:\/\/lamdesignvn599.chiliweb.org\/?page_id=2544"},"modified":"2023-07-03T23:21:49","modified_gmt":"2023-07-03T23:21:49","slug":"portfolio-grid-2","status":"publish","type":"page","link":"https:\/\/lam-design.vn\/vi\/portfolio-grid-2\/","title":{"rendered":"D\u1ef1 \u00e1n"},"content":{"rendered":"\t\t<div data-elementor-type=\"wp-page\" data-elementor-id=\"2544\" class=\"elementor elementor-2544\">\n\t\t\t\t\t\t\t\t\t<section class=\"elementor-section elementor-top-section elementor-element elementor-element-a41e2b2 elementor-section-full_width elementor-section-height-default elementor-section-height-default\" data-id=\"a41e2b2\" data-element_type=\"section\">\n\t\t\t\t\t\t<div class=\"elementor-container elementor-column-gap-no\">\n\t\t\t\t\t<div class=\"elementor-column elementor-col-100 elementor-top-column elementor-element elementor-element-97c067e\" data-id=\"97c067e\" data-element_type=\"column\">\n\t\t\t<div class=\"elementor-widget-wrap elementor-element-populated\">\n\t\t\t\t\t\t\t\t<div class=\"elementor-element elementor-element-4f6d00e elementor-widget elementor-widget-larson-intro\" data-id=\"4f6d00e\" data-element_type=\"widget\" data-widget_type=\"larson-intro.default\">\n\t\t\t\t<div class=\"elementor-widget-container\">\n\t\t\t\n\t\t<article class=\"article\">\n\t        <header class=\"article__header\">\n\t          <div class=\"container\">\n\t            \t            <h1 class=\"article__heading heading heading--size-large\">\n\t            \t<span >\n\t\t\t\t\t\tProjects\t\t\t\t\t<\/span>\n\t            <\/h1>\n\t            \t            \t          <\/div>\n\t        <\/header>\n\t        \t    <\/article>\n\n\t\t\t\t<\/div>\n\t\t\t\t<\/div>\n\t\t\t\t\t<\/div>\n\t\t<\/div>\n\t\t\t\t\t\t\t<\/div>\n\t\t<\/section>\n\t\t\t\t<section class=\"elementor-section elementor-top-section elementor-element elementor-element-a301033 elementor-section-full_width elementor-section-height-default elementor-section-height-default\" data-id=\"a301033\" data-element_type=\"section\">\n\t\t\t\t\t\t<div class=\"elementor-container elementor-column-gap-no\">\n\t\t\t\t\t<div class=\"elementor-column elementor-col-100 elementor-top-column elementor-element elementor-element-82b94f1\" data-id=\"82b94f1\" data-element_type=\"column\">\n\t\t\t<div class=\"elementor-widget-wrap elementor-element-populated\">\n\t\t\t\t\t\t\t\t<div class=\"elementor-element elementor-element-65ce472 elementor-widget elementor-widget-larson-portfolio\" data-id=\"65ce472\" data-element_type=\"widget\" data-widget_type=\"larson-portfolio.default\">\n\t\t\t\t<div class=\"elementor-widget-container\">\n\t\t\t\n\t\t\t\t  <!-- Filter projects-->\n          <div class=\"article__filter filter container\">\n            <button class=\"filter__item filter__item--active __js_filter-btn\" type=\"button\" data-filter=\"*\">All<\/button>\n                        <button class=\"filter__item __js_filter-btn\" type=\"button\" data-filter=\".__js_fb-vi\">F&amp;B<\/button>\n                        <button class=\"filter__item __js_filter-btn\" type=\"button\" data-filter=\".__js_khach-san\">Kh\u00e1ch s\u1ea1n<\/button>\n                        <button class=\"filter__item __js_filter-btn\" type=\"button\" data-filter=\".__js_du-an-khac\">D\u1ef1 \u00e1n kh\u00e1c<\/button>\n                        <button class=\"filter__item __js_filter-btn\" type=\"button\" data-filter=\".__js_nha-o\">Nh\u00e0 \u1edf<\/button>\n                      <\/div>\n        \n\t\t<div class=\"article__main article__main--width-full container\">\n\n                    <ul class=\"projects-masonry row __js_projects-grid projects-grid-col-4\">\n          \t<li class=\"grid-sizer\"><\/li>\n          \t\n\n<li class=\"projects-masonry__item col-12 col-md-6 col-xl-3 __js_masonry-item \">\n  <a class=\"card card--small card--masonry\" href=\"https:\/\/lam-design.vn\/vi\/portfolio\/item\/spain-working-building\/\">\n        <div class=\"card__image\">\n      <img decoding=\"async\" src=\"https:\/\/lam-design.vn\/wp-content\/uploads\/2021\/06\/work1-900x900.jpeg\" alt=\"Spain Working Building\" \/>\n    <\/div>\n        <div class=\"card__content\">\n            <h3 class=\"card__heading\">\n      \tSpain Working Building      <\/h3>\n                  <div class=\"card__bottom\">\n        <span class=\"card__link\">\n          See project          <svg width=\"20\" height=\"20\">\n            <use xlink:href=\"#chevron-right\"><\/use>\n          <\/svg>\n        <\/span>\n      <\/div>\n    <\/div>\n  <\/a>\n<\/li>\n\n<li class=\"projects-masonry__item col-12 col-md-6 col-xl-3 __js_masonry-item \">\n  <a class=\"card card--small card--masonry\" href=\"https:\/\/lam-design.vn\/vi\/portfolio\/item\/house-near-boston\/\">\n        <div class=\"card__image\">\n      <img decoding=\"async\" src=\"https:\/\/lam-design.vn\/wp-content\/uploads\/2021\/06\/work2-900x900.jpeg\" alt=\"House Near Boston\" \/>\n    <\/div>\n        <div class=\"card__content\">\n            <h3 class=\"card__heading\">\n      \tHouse Near Boston      <\/h3>\n                  <div class=\"card__bottom\">\n        <span class=\"card__link\">\n          See project          <svg width=\"20\" height=\"20\">\n            <use xlink:href=\"#chevron-right\"><\/use>\n          <\/svg>\n        <\/span>\n      <\/div>\n    <\/div>\n  <\/a>\n<\/li>\n\n<li class=\"projects-masonry__item col-12 col-md-6 col-xl-3 __js_masonry-item \">\n  <a class=\"card card--small card--masonry\" href=\"https:\/\/lam-design.vn\/vi\/portfolio\/item\/villa-on-the-river\/\">\n        <div class=\"card__image\">\n      <img decoding=\"async\" src=\"https:\/\/lam-design.vn\/wp-content\/uploads\/2021\/06\/work5-900x900.jpeg\" alt=\"Villa On The River\" \/>\n    <\/div>\n        <div class=\"card__content\">\n            <h3 class=\"card__heading\">\n      \tVilla On The River      <\/h3>\n                  <div class=\"card__bottom\">\n        <span class=\"card__link\">\n          See project          <svg width=\"20\" height=\"20\">\n            <use xlink:href=\"#chevron-right\"><\/use>\n          <\/svg>\n        <\/span>\n      <\/div>\n    <\/div>\n  <\/a>\n<\/li>\n\n<li class=\"projects-masonry__item col-12 col-md-6 col-xl-3 __js_masonry-item \">\n  <a class=\"card card--small card--masonry\" href=\"https:\/\/lam-design.vn\/vi\/portfolio\/item\/villa-in-madrid\/\">\n        <div class=\"card__image\">\n      <img decoding=\"async\" src=\"https:\/\/lam-design.vn\/wp-content\/uploads\/2021\/07\/item-2-900x900.jpg\" alt=\"Villa in Madrid\" \/>\n    <\/div>\n        <div class=\"card__content\">\n            <h3 class=\"card__heading\">\n      \tVilla in Madrid      <\/h3>\n                  <div class=\"card__bottom\">\n        <span class=\"card__link\">\n          See project          <svg width=\"20\" height=\"20\">\n            <use xlink:href=\"#chevron-right\"><\/use>\n          <\/svg>\n        <\/span>\n      <\/div>\n    <\/div>\n  <\/a>\n<\/li>\n\n<li class=\"projects-masonry__item col-12 col-md-6 col-xl-3 __js_masonry-item \">\n  <a class=\"card card--small card--masonry\" href=\"https:\/\/lam-design.vn\/vi\/portfolio\/item\/villa-in-germany\/\">\n        <div class=\"card__image\">\n      <img decoding=\"async\" src=\"https:\/\/lam-design.vn\/wp-content\/uploads\/2021\/07\/post-0-900x900.jpeg\" alt=\"Villa In Germany\" \/>\n    <\/div>\n        <div class=\"card__content\">\n            <h3 class=\"card__heading\">\n      \tVilla In Germany      <\/h3>\n                  <div class=\"card__bottom\">\n        <span class=\"card__link\">\n          See project          <svg width=\"20\" height=\"20\">\n            <use xlink:href=\"#chevron-right\"><\/use>\n          <\/svg>\n        <\/span>\n      <\/div>\n    <\/div>\n  <\/a>\n<\/li>\n\n<li class=\"projects-masonry__item col-12 col-md-6 col-xl-3 __js_masonry-item __js_nha-o \">\n  <a class=\"card card--small card--masonry\" href=\"https:\/\/lam-design.vn\/vi\/portfolio\/item\/riverpark-apartment\/\">\n        <div class=\"card__image\">\n      <img decoding=\"async\" src=\"https:\/\/lam-design.vn\/wp-content\/uploads\/2023\/07\/phong-ngu-4a-900x900.jpg\" alt=\"Riverpark Apartment\" \/>\n    <\/div>\n        <div class=\"card__content\">\n            <h3 class=\"card__heading\">\n      \tRiverpark Apartment      <\/h3>\n                  <div class=\"card__bottom\">\n        <span class=\"card__link\">\n          See project          <svg width=\"20\" height=\"20\">\n            <use xlink:href=\"#chevron-right\"><\/use>\n          <\/svg>\n        <\/span>\n      <\/div>\n    <\/div>\n  <\/a>\n<\/li>\n\n<li class=\"projects-masonry__item col-12 col-md-6 col-xl-3 __js_masonry-item __js_nha-o \">\n  <a class=\"card card--small card--masonry\" href=\"https:\/\/lam-design.vn\/vi\/portfolio\/item\/ha-long-penthouse\/\">\n        <div class=\"card__image\">\n      <img decoding=\"async\" src=\"https:\/\/lam-design.vn\/wp-content\/uploads\/2023\/07\/2-1-900x900.jpg\" alt=\"H\u1ea1 Long penthouse\" \/>\n    <\/div>\n        <div class=\"card__content\">\n            <h3 class=\"card__heading\">\n      \tH\u1ea1 Long penthouse      <\/h3>\n                  <div class=\"card__bottom\">\n        <span class=\"card__link\">\n          See project          <svg width=\"20\" height=\"20\">\n            <use xlink:href=\"#chevron-right\"><\/use>\n          <\/svg>\n        <\/span>\n      <\/div>\n    <\/div>\n  <\/a>\n<\/li>\n\n<li class=\"projects-masonry__item col-12 col-md-6 col-xl-3 __js_masonry-item __js_nha-o \">\n  <a class=\"card card--small card--masonry\" href=\"https:\/\/lam-design.vn\/vi\/portfolio\/item\/madison-apartment\/\">\n        <div class=\"card__image\">\n      <img decoding=\"async\" src=\"https:\/\/lam-design.vn\/wp-content\/uploads\/2023\/07\/V4-900x900.jpg\" alt=\"Chung c\u01b0 Madison\" \/>\n    <\/div>\n        <div class=\"card__content\">\n            <h3 class=\"card__heading\">\n      \tChung c\u01b0 Madison      <\/h3>\n                  <div class=\"card__bottom\">\n        <span class=\"card__link\">\n          See project          <svg width=\"20\" height=\"20\">\n            <use xlink:href=\"#chevron-right\"><\/use>\n          <\/svg>\n        <\/span>\n      <\/div>\n    <\/div>\n  <\/a>\n<\/li>\n\n<li class=\"projects-masonry__item col-12 col-md-6 col-xl-3 __js_masonry-item __js_nha-o \">\n  <a class=\"card card--small card--masonry\" href=\"https:\/\/lam-design.vn\/vi\/portfolio\/item\/thu-thiem-villa\/\">\n        <div class=\"card__image\">\n      <img decoding=\"async\" src=\"https:\/\/lam-design.vn\/wp-content\/uploads\/2023\/07\/Bedroom-1-900x900.jpg\" alt=\"Th\u1ee7 Thi\u00eam Villa\" \/>\n    <\/div>\n        <div class=\"card__content\">\n            <h3 class=\"card__heading\">\n      \tTh\u1ee7 Thi\u00eam Villa      <\/h3>\n                  <div class=\"card__bottom\">\n        <span class=\"card__link\">\n          See project          <svg width=\"20\" height=\"20\">\n            <use xlink:href=\"#chevron-right\"><\/use>\n          <\/svg>\n        <\/span>\n      <\/div>\n    <\/div>\n  <\/a>\n<\/li>\n\n<li class=\"projects-masonry__item col-12 col-md-6 col-xl-3 __js_masonry-item __js_nha-o \">\n  <a class=\"card card--small card--masonry\" href=\"https:\/\/lam-design.vn\/vi\/portfolio\/item\/binh-tien-villa\/\">\n        <div class=\"card__image\">\n      <img decoding=\"async\" src=\"https:\/\/lam-design.vn\/wp-content\/uploads\/2023\/07\/Picture2-900x900.jpg\" alt=\"B\u00ecnh Ti\u00ean Villa\" \/>\n    <\/div>\n        <div class=\"card__content\">\n            <h3 class=\"card__heading\">\n      \tB\u00ecnh Ti\u00ean Villa      <\/h3>\n                  <div class=\"card__bottom\">\n        <span class=\"card__link\">\n          See project          <svg width=\"20\" height=\"20\">\n            <use xlink:href=\"#chevron-right\"><\/use>\n          <\/svg>\n        <\/span>\n      <\/div>\n    <\/div>\n  <\/a>\n<\/li>\n\n<li class=\"projects-masonry__item col-12 col-md-6 col-xl-3 __js_masonry-item __js_nha-o \">\n  <a class=\"card card--small card--masonry\" href=\"https:\/\/lam-design.vn\/vi\/portfolio\/item\/para-gus-townhouse\/\">\n        <div class=\"card__image\">\n      <img decoding=\"async\" src=\"https:\/\/lam-design.vn\/wp-content\/uploads\/2023\/07\/phong-ngu-3-900x900.jpg\" alt=\"Nh\u00e0 ph\u1ed1 Para Gus\" \/>\n    <\/div>\n        <div class=\"card__content\">\n            <h3 class=\"card__heading\">\n      \tNh\u00e0 ph\u1ed1 Para Gus      <\/h3>\n                  <div class=\"card__bottom\">\n        <span class=\"card__link\">\n          See project          <svg width=\"20\" height=\"20\">\n            <use xlink:href=\"#chevron-right\"><\/use>\n          <\/svg>\n        <\/span>\n      <\/div>\n    <\/div>\n  <\/a>\n<\/li>\n\n<li class=\"projects-masonry__item col-12 col-md-6 col-xl-3 __js_masonry-item __js_nha-o \">\n  <a class=\"card card--small card--masonry\" href=\"https:\/\/lam-design.vn\/vi\/portfolio\/item\/saigon-south-residence\/\">\n        <div class=\"card__image\">\n      <img decoding=\"async\" src=\"https:\/\/lam-design.vn\/wp-content\/uploads\/2023\/07\/1-1-900x900.jpg\" alt=\"Khu d\u00e2n c\u01b0 Nam S\u00e0i G\u00f2n\" \/>\n    <\/div>\n        <div class=\"card__content\">\n            <h3 class=\"card__heading\">\n      \tKhu d\u00e2n c\u01b0 Nam S\u00e0i G\u00f2n      <\/h3>\n                  <div class=\"card__bottom\">\n        <span class=\"card__link\">\n          See project          <svg width=\"20\" height=\"20\">\n            <use xlink:href=\"#chevron-right\"><\/use>\n          <\/svg>\n        <\/span>\n      <\/div>\n    <\/div>\n  <\/a>\n<\/li>          <\/ul>\n\n          \n        <\/div>\n\n\t\t\t\t<\/div>\n\t\t\t\t<\/div>\n\t\t\t\t\t<\/div>\n\t\t<\/div>\n\t\t\t\t\t\t\t<\/div>\n\t\t<\/section>\n\t\t\t\t\t\t\t<\/div>\n\t\t","protected":false},"excerpt":{"rendered":"<p>D\u1ef1 \u00e1n T\u1ea5t c\u1ea3 Thi\u1ebft k\u1ebf T\u00f2a nh\u00e0 Villa In London &nbsp; D\u1ef1 \u00e1n cho nhi\u1ec1u t\u1eadp \u0111o\u00e0n, doanh nghi\u1ec7p l\u1edbn trong v\u00e0 ngo\u00e0i n\u01b0\u1edbc trong nhi\u1ec1u l\u0129nh v\u1ef1c nh\u01b0 t\u00e0i ch\u00ednh, ng\u00e2n h\u00e0ng, F&amp;B, gi\u00e1o d\u1ee5c, truy\u1ec1n th\u00f4ng. Xem th\u00eam Spain Working Building &nbsp; D\u1ef1 \u00e1n cho nhi\u1ec1u t\u1eadp&#8230; <\/p>\n<div class=\"readmore\"><a href=\"https:\/\/lam-design.vn\/vi\/portfolio\/item\/saigon-south-residence\/\" class=\"btn-link\">Read more<\/a><\/div>\n","protected":false},"author":1,"featured_media":0,"parent":0,"menu_order":0,"comment_status":"closed","ping_status":"closed","template":"template-elementor-default.php","meta":{"_mi_skip_tracking":false,"_monsterinsights_sitenote_active":false,"_monsterinsights_sitenote_note":"","_monsterinsights_sitenote_category":0},"aioseo_notices":[],"_links":{"self":[{"href":"https:\/\/lam-design.vn\/vi\/wp-json\/wp\/v2\/pages\/2544"}],"collection":[{"href":"https:\/\/lam-design.vn\/vi\/wp-json\/wp\/v2\/pages"}],"about":[{"href":"https:\/\/lam-design.vn\/vi\/wp-json\/wp\/v2\/types\/page"}],"author":[{"embeddable":true,"href":"https:\/\/lam-design.vn\/vi\/wp-json\/wp\/v2\/users\/1"}],"replies":[{"embeddable":true,"href":"https:\/\/lam-design.vn\/vi\/wp-json\/wp\/v2\/comments?post=2544"}],"version-history":[{"count":1,"href":"https:\/\/lam-design.vn\/vi\/wp-json\/wp\/v2\/pages\/2544\/revisions"}],"predecessor-version":[{"id":2545,"href":"https:\/\/lam-design.vn\/vi\/wp-json\/wp\/v2\/pages\/2544\/revisions\/2545"}],"wp:attachment":[{"href":"https:\/\/lam-design.vn\/vi\/wp-json\/wp\/v2\/media?parent=2544"}],"curies":[{"name":"wp","href":"https:\/\/api.w.org\/{rel}","templated":true}]}}