{"id":2551,"date":"2021-06-17T11:27:23","date_gmt":"2021-06-17T11:27:23","guid":{"rendered":"https:\/\/lamdesignvn599.chiliweb.org\/?page_id=2551"},"modified":"2023-07-03T23:34:01","modified_gmt":"2023-07-03T23:34:01","slug":"team","status":"publish","type":"page","link":"https:\/\/lam-design.vn\/vi\/team\/","title":{"rendered":"\u0110\u1ed9i ng\u0169 c\u1ea5p cao"},"content":{"rendered":"\t\t<div data-elementor-type=\"wp-page\" data-elementor-id=\"2551\" class=\"elementor elementor-2551\">\n\t\t\t\t\t\t\t\t\t<section class=\"elementor-section elementor-top-section elementor-element elementor-element-a41e2b2 elementor-section-full_width elementor-section-height-default elementor-section-height-default\" data-id=\"a41e2b2\" data-element_type=\"section\">\n\t\t\t\t\t\t<div class=\"elementor-container elementor-column-gap-no\">\n\t\t\t\t\t<div class=\"elementor-column elementor-col-100 elementor-top-column elementor-element elementor-element-97c067e\" data-id=\"97c067e\" data-element_type=\"column\">\n\t\t\t<div class=\"elementor-widget-wrap elementor-element-populated\">\n\t\t\t\t\t\t\t\t<div class=\"elementor-element elementor-element-4f6d00e elementor-widget elementor-widget-larson-intro\" data-id=\"4f6d00e\" data-element_type=\"widget\" data-widget_type=\"larson-intro.default\">\n\t\t\t\t<div class=\"elementor-widget-container\">\n\t\t\t\n\t\t<article class=\"article\">\n\t        <header class=\"article__header\">\n\t          <div class=\"container\">\n\t            \t            <h1 class=\"article__heading heading heading--size-large\">\n\t            \t<span >\n\t\t\t\t\t\tMeet our highly\n              <br>\n              <span class=\"color-yellow\">professional<\/span> team\t\t\t\t\t<\/span>\n\t            <\/h1>\n\t            \t            \t          <\/div>\n\t        <\/header>\n\t        \t    <\/article>\n\n\t\t\t\t<\/div>\n\t\t\t\t<\/div>\n\t\t\t\t\t<\/div>\n\t\t<\/div>\n\t\t\t\t\t\t\t<\/div>\n\t\t<\/section>\n\t\t\t\t<section class=\"elementor-section elementor-top-section elementor-element elementor-element-de541bc elementor-section-full_width elementor-section-height-default elementor-section-height-default\" data-id=\"de541bc\" data-element_type=\"section\">\n\t\t\t\t\t\t<div class=\"elementor-container elementor-column-gap-no\">\n\t\t\t\t\t<div class=\"elementor-column elementor-col-100 elementor-top-column elementor-element elementor-element-a2a2c70\" data-id=\"a2a2c70\" data-element_type=\"column\">\n\t\t\t<div class=\"elementor-widget-wrap elementor-element-populated\">\n\t\t\t\t\t\t\t\t<div class=\"elementor-element elementor-element-003978f elementor-widget elementor-widget-larson-team\" data-id=\"003978f\" data-element_type=\"widget\" data-widget_type=\"larson-team.default\">\n\t\t\t\t<div class=\"elementor-widget-container\">\n\t\t\t\n\t\t<section class=\"webpage__team-section team-section\">\n\t        <div class=\"about-block__inner container\"  data-number=\"02.\">\n\t          \t          <header class=\"team-section__header\" data-aos=\"fade\">\n\t            <h2 class=\"about-block__heading heading\">\n\t            \t<span >\n\t\t\t\t\t\tOur Team\t\t\t\t\t<\/span>\n\t            <\/h2>\n\t          <\/header>\n\t          \t          \t          <ul class=\"team-section__list team-list row\">\n\t          \t\t            <li class=\"team-list__item col-12 col-md-6 col-lg-4\" data-aos=\"fade\" data-aos-delay=\"0\">\n\t              <div class=\"card card--team\" tabindex=\"0\">\n\t                \t                <div class=\"card__image\">\n\t                  <img decoding=\"async\" loading=\"lazy\" src=\"https:\/\/lam-design.vn\/wp-content\/uploads\/2023\/07\/young-asian-man-against-gray-background-2021-08-27-14-31-28-utc.jpg\" width=\"350\" height=\"530\" alt=\"Vo Chi Binh Nguyen\" \/>\n\t                <\/div>\n\t                \t                <div class=\"card__content\">\n\t                  \t                  <h3 class=\"card__heading\">\n\t                  \t<span >\n\t\t\t\t\t\t\tVo Chi Binh Nguyen\t\t\t\t\t\t<\/span>\n\t                  <\/h3>\n\t                  \t                  \t                  <div class=\"card__text\">\n\t                  \t<span >\n\t\t\t\t\t\t\tArchitect\t\t\t\t\t\t<\/span>\n\t                  <\/div>\n\t                  \t                  \t                  <div class=\"card__bottom\">\n\t                    <!-- Social-->\n\t                    <ul class=\"card__social social\">\n\t                      \t                      <li class=\"social__item\">\n\t                        <a class=\"social__link\" href=\"\/?page_id=2125\/\" title=\"See more\" target=\"_blank\">\n\t                          <i aria-hidden=\"true\" class=\"far fa-comment-dots\"><\/i>\t                        <\/a>\n\t                      <\/li>\n\t                  \t  \t                      \t                      \t                  \t  \t                  \t  \t                    <\/ul>\n\t                  <\/div>\n\t                  \t                <\/div>\n\t              <\/div>\n\t            <\/li>\n\t            \t            <li class=\"team-list__item col-12 col-md-6 col-lg-4\" data-aos=\"fade\" data-aos-delay=\"200\">\n\t              <div class=\"card card--team\" tabindex=\"0\">\n\t                \t                <div class=\"card__image\">\n\t                  <img decoding=\"async\" loading=\"lazy\" src=\"https:\/\/lam-design.vn\/wp-content\/uploads\/2023\/07\/young-handsome-asian-man-wearing-denim-shirt-again-2021-08-30-07-47-00-utc.jpg\" width=\"350\" height=\"530\" alt=\"Ong Hoang Phuc\" \/>\n\t                <\/div>\n\t                \t                <div class=\"card__content\">\n\t                  \t                  <h3 class=\"card__heading\">\n\t                  \t<span >\n\t\t\t\t\t\t\tOng Hoang Phuc\t\t\t\t\t\t<\/span>\n\t                  <\/h3>\n\t                  \t                  \t                  <div class=\"card__text\">\n\t                  \t<span >\n\t\t\t\t\t\t\tManaging Director\t\t\t\t\t\t<\/span>\n\t                  <\/div>\n\t                  \t                  \t                  <div class=\"card__bottom\">\n\t                    <!-- Social-->\n\t                    <ul class=\"card__social social\">\n\t                      \t                      <li class=\"social__item\">\n\t                        <a class=\"social__link\" href=\"\/?page_id=2110\/\" title=\"See more\" target=\"_blank\">\n\t                          <i aria-hidden=\"true\" class=\"far fa-comment-dots\"><\/i>\t                        <\/a>\n\t                      <\/li>\n\t                  \t  \t                      \t                      \t                  \t  \t                  \t  \t                    <\/ul>\n\t                  <\/div>\n\t                  \t                <\/div>\n\t              <\/div>\n\t            <\/li>\n\t            \t            <li class=\"team-list__item col-12 col-md-6 col-lg-4\" data-aos=\"fade\" data-aos-delay=\"400\">\n\t              <div class=\"card card--team\" tabindex=\"0\">\n\t                \t                <div class=\"card__image\">\n\t                  <img decoding=\"async\" loading=\"lazy\" src=\"https:\/\/lam-design.vn\/wp-content\/uploads\/2023\/07\/young-handsome-asian-man-against-black-background-2021-08-28-02-25-41-utc.jpg\" width=\"350\" height=\"530\" alt=\"Pham Thanh Ha\" \/>\n\t                <\/div>\n\t                \t                <div class=\"card__content\">\n\t                  \t                  <h3 class=\"card__heading\">\n\t                  \t<span >\n\t\t\t\t\t\t\tPham Thanh Ha\t\t\t\t\t\t<\/span>\n\t                  <\/h3>\n\t                  \t                  \t                  <div class=\"card__text\">\n\t                  \t<span >\n\t\t\t\t\t\t\tDesign Director\t\t\t\t\t\t<\/span>\n\t                  <\/div>\n\t                  \t                  \t                  <div class=\"card__bottom\">\n\t                    <!-- Social-->\n\t                    <ul class=\"card__social social\">\n\t                      \t                      <li class=\"social__item\">\n\t                        <a class=\"social__link\" href=\"\/?page_id=2114\/\" title=\"See more\" target=\"_blank\">\n\t                          <i aria-hidden=\"true\" class=\"far fa-comment-dots\"><\/i>\t                        <\/a>\n\t                      <\/li>\n\t                  \t  \t                      \t                      \t                  \t  \t                  \t  \t                    <\/ul>\n\t                  <\/div>\n\t                  \t                <\/div>\n\t              <\/div>\n\t            <\/li>\n\t            \t            <li class=\"team-list__item col-12 col-md-6 col-lg-4\" data-aos=\"fade\" data-aos-delay=\"600\">\n\t              <div class=\"card card--team\" tabindex=\"0\">\n\t                \t                <div class=\"card__image\">\n\t                  <img decoding=\"async\" loading=\"lazy\" src=\"https:\/\/lam-design.vn\/wp-content\/uploads\/2023\/07\/face-of-happy-young-beautiful-asian-woman-smiling-2021-08-27-19-10-23-utc.jpg\" width=\"350\" height=\"530\" alt=\"Ngo Thi Quynh Nga\" \/>\n\t                <\/div>\n\t                \t                <div class=\"card__content\">\n\t                  \t                  <h3 class=\"card__heading\">\n\t                  \t<span >\n\t\t\t\t\t\t\tNgo Thi Quynh Nga\t\t\t\t\t\t<\/span>\n\t                  <\/h3>\n\t                  \t                  \t                  <div class=\"card__text\">\n\t                  \t<span >\n\t\t\t\t\t\t\tInterior Architect\t\t\t\t\t\t<\/span>\n\t                  <\/div>\n\t                  \t                  \t                  <div class=\"card__bottom\">\n\t                    <!-- Social-->\n\t                    <ul class=\"card__social social\">\n\t                      \t                      <li class=\"social__item\">\n\t                        <a class=\"social__link\" href=\"\/?page_id=2117\/\" title=\"See more\" target=\"_blank\">\n\t                          <i aria-hidden=\"true\" class=\"far fa-comment-dots\"><\/i>\t                        <\/a>\n\t                      <\/li>\n\t                  \t  \t                      \t                      \t                  \t  \t                  \t  \t                    <\/ul>\n\t                  <\/div>\n\t                  \t                <\/div>\n\t              <\/div>\n\t            <\/li>\n\t            \t            <li class=\"team-list__item col-12 col-md-6 col-lg-4\" data-aos=\"fade\" data-aos-delay=\"800\">\n\t              <div class=\"card card--team\" tabindex=\"0\">\n\t                \t                <div class=\"card__image\">\n\t                  <img decoding=\"async\" loading=\"lazy\" src=\"https:\/\/lam-design.vn\/wp-content\/uploads\/2023\/07\/young-beautiful-asian-woman-against-black-backgrou-2021-08-27-19-11-37-utc.jpg\" width=\"350\" height=\"530\" alt=\"Pham Ngoc Thuy Anh\" \/>\n\t                <\/div>\n\t                \t                <div class=\"card__content\">\n\t                  \t                  <h3 class=\"card__heading\">\n\t                  \t<span >\n\t\t\t\t\t\t\tPham Ngoc Thuy Anh\t\t\t\t\t\t<\/span>\n\t                  <\/h3>\n\t                  \t                  \t                  <div class=\"card__text\">\n\t                  \t<span >\n\t\t\t\t\t\t\tSenior Designer\t\t\t\t\t\t<\/span>\n\t                  <\/div>\n\t                  \t                  \t                  <div class=\"card__bottom\">\n\t                    <!-- Social-->\n\t                    <ul class=\"card__social social\">\n\t                      \t                      <li class=\"social__item\">\n\t                        <a class=\"social__link\" href=\"\/?page_id=2123\/\" title=\"See more\" target=\"_blank\">\n\t                          <i aria-hidden=\"true\" class=\"far fa-comment-dots\"><\/i>\t                        <\/a>\n\t                      <\/li>\n\t                  \t  \t                      \t                      \t                  \t  \t                  \t  \t                    <\/ul>\n\t                  <\/div>\n\t                  \t                <\/div>\n\t              <\/div>\n\t            <\/li>\n\t            \n\t            \t            <li class=\"team-list__item col-12 col-md-6 col-lg-4\" data-aos=\"fade\" data-aos-delay=\"400\">\n                  <a href=\"\/?page_id=360\/\" class=\"card card--send\">\n                    <div class=\"card__send-text\">\n                    \t<span >\n\t\t\t\t\t\t\t\t\t\t\t\t\t<\/span>\n                    <\/div>\n                  <\/a>\n                <\/li>\n            \t\t          <\/ul>\n\t          \t        <\/div>\n\t    <\/section>\n\n\t\t\t\t<\/div>\n\t\t\t\t<\/div>\n\t\t\t\t\t<\/div>\n\t\t<\/div>\n\t\t\t\t\t\t\t<\/div>\n\t\t<\/section>\n\t\t\t\t\t\t\t<\/div>\n\t\t","protected":false},"excerpt":{"rendered":"<p>\u0110\u1ed9i ng\u0169 c\u1ea5p cao c\u1ee7a ch\u00fang t\u00f4i c\u1ee7a ch\u00fang t\u00f4i H\u1ed3 s\u01a1 \u0111\u1ed7i ng\u0169 V\u00f5 Ch\u00ed B\u00ecnh Nguy\u00ean Ki\u1ebfn tr\u00fac s\u01b0 \u00d4ng Ho\u00e0ng Ph\u00fac Gi\u00e1m \u0111\u1ed1c \u0111i\u1ec1u h\u00e0nh Ph\u1ea1m Thanh H\u00e0 Gi\u00e1m \u0111\u1ed1c thi\u1ebft k\u1ebf Ng\u00f4 Th\u1ecb Qu\u1ef3nh Nga Ki\u1ebfn tr\u00fac s\u01b0 n\u1ed9i th\u1ea5t Ph\u1ea1m Ng\u1ecdc Th\u00f9y Anh Nh\u00e0 thi\u1ebft&#8230; <\/p>\n<div class=\"readmore\"><a href=\"https:\/\/lam-design.vn\/vi\/team\/\" class=\"btn-link\">Read more<\/a><\/div>\n","protected":false},"author":1,"featured_media":0,"parent":0,"menu_order":0,"comment_status":"closed","ping_status":"closed","template":"template-elementor-default.php","meta":{"_mi_skip_tracking":false,"_monsterinsights_sitenote_active":false,"_monsterinsights_sitenote_note":"","_monsterinsights_sitenote_category":0},"aioseo_notices":[],"_links":{"self":[{"href":"https:\/\/lam-design.vn\/vi\/wp-json\/wp\/v2\/pages\/2551"}],"collection":[{"href":"https:\/\/lam-design.vn\/vi\/wp-json\/wp\/v2\/pages"}],"about":[{"href":"https:\/\/lam-design.vn\/vi\/wp-json\/wp\/v2\/types\/page"}],"author":[{"embeddable":true,"href":"https:\/\/lam-design.vn\/vi\/wp-json\/wp\/v2\/users\/1"}],"replies":[{"embeddable":true,"href":"https:\/\/lam-design.vn\/vi\/wp-json\/wp\/v2\/comments?post=2551"}],"version-history":[{"count":1,"href":"https:\/\/lam-design.vn\/vi\/wp-json\/wp\/v2\/pages\/2551\/revisions"}],"predecessor-version":[{"id":2552,"href":"https:\/\/lam-design.vn\/vi\/wp-json\/wp\/v2\/pages\/2551\/revisions\/2552"}],"wp:attachment":[{"href":"https:\/\/lam-design.vn\/vi\/wp-json\/wp\/v2\/media?parent=2551"}],"curies":[{"name":"wp","href":"https:\/\/api.w.org\/{rel}","templated":true}]}}