{"id":2559,"date":"2023-07-03T08:27:24","date_gmt":"2023-07-03T08:27:24","guid":{"rendered":"https:\/\/lamdesignvn599.chiliweb.org\/?page_id=2559"},"modified":"2023-07-03T23:50:13","modified_gmt":"2023-07-03T23:50:13","slug":"ngo-thi-quynh-nga","status":"publish","type":"page","link":"https:\/\/lam-design.vn\/vi\/team-profile\/ngo-thi-quynh-nga\/","title":{"rendered":"NG\u00d4 TH\u1eca QU\u1ef2NH NGA"},"content":{"rendered":"<p style=\"text-align: center;\">Ng\u00f4 Th\u1ecb Qu\u1ef3nh Nga<br \/>\nKi\u1ebfn tr\u00fac s\u01b0 n\u1ed9i th\u1ea5t<\/p>\n<p><strong>H\u1ecdc v\u1ea5n<\/strong><\/p>\n<p>1989\u2013 1994: C\u1eed nh\u00e2n Ki\u1ebfn tr\u00fac s\u01b0<strong><\/strong><br \/>\n\u0110\u1ea1i h\u1ecdc Ki\u1ebfn tr\u00fac TP.HCM<\/p>\n<p>1995 \u2013 2000: C\u1eed nh\u00e2n M\u1ef9 thu\u1eadt chuy\u00ean ng\u00e0nh Thi\u1ebft k\u1ebf n\u1ed9i th\u1ea5t<strong><\/strong><br \/>\nH\u1ecdc vi\u1ec7n Thi\u1ebft k\u1ebf &amp; C\u00f4ng ngh\u1ec7 Qu\u1ed1c t\u1ebf Toronto, Canada<\/p>\n<p><strong>Kinh nghi\u1ec7m l\u00e0m vi\u1ec7c<\/strong><\/p>\n<p>2019 &#8211; Hi\u1ec7n t\u1ea1i: Ki\u1ebfn tr\u00fac s\u01b0 n\u1ed9i th\u1ea5t<strong><\/strong><br \/>\n<strong>LAM Design,<\/strong> Th\u00e0nh ph\u1ed1 H\u1ed3 Ch\u00ed Minh, Vi\u1ec7t Nam<\/p>\n<ul>\n<li>D\u1ef1 \u00e1n: Kh\u00e1ch s\u1ea1n La Paix, TP.HCM<br \/>\nKh\u00e1ch h\u00e0ng : C\u00f4ng ty du l\u1ecbch Qu\u00e2n Huy<br \/>\nTh\u00f4ng tin: Kh\u00e1ch s\u1ea1n Boutique<\/li>\n<li>D\u1ef1 \u00e1n: B\u00ecnh Ti\u00ean Residences, B\u00ecnh Thu\u1eadn<br \/>\nKh\u00e1ch h\u00e0ng : Trung Nam Group<br \/>\nTh\u00f4ng tin: Bi\u1ec7t th\u1ef1<\/li>\n<\/ul>\n<p>2017 &#8211; 2019: Chuy\u00ean vi\u00ean thi\u1ebft k\u1ebf cao c\u1ea5p<strong><\/strong><\/p>\n<p><strong>DARKHORSE Design, Th\u00e0nh ph\u1ed1 H\u1ed3 Ch\u00ed Minh, Vi\u1ec7t Nam<\/strong><\/p>\n<ul>\n<li>D\u1ef1 \u00e1n: Kh\u00e1ch s\u1ea1n Ibis V\u00e2n \u0110\u1ed3n, Qu\u1ea3ng Ninh<br \/>\nKh\u00e1ch h\u00e0ng: CEO T\u1eadp \u0111o\u00e0n<br \/>\nTh\u00f4ng tin: kh\u00e1ch s\u1ea1n 5 sao<\/li>\n<\/ul>\n<p>2010 &#8211; 2017: Ki\u1ebfn tr\u00fac s\u01b0 N\u1ed9i th\u1ea5t<strong><\/strong><\/p>\n<p><strong>T\u1ed5ng c\u00f4ng ty TTT,<\/strong> Th\u00e0nh ph\u1ed1 H\u1ed3 Ch\u00ed Minh, Vi\u1ec7t Nam<\/p>\n<ul>\n<li>D\u1ef1 \u00e1n: Vinpearl \u0110\u00e0 N\u1eb5ng<br \/>\nKh\u00e1ch h\u00e0ng: T\u1eadp \u0111o\u00e0n Vingroup<br \/>\nTh\u00f4ng tin: Resort 5 sao<\/li>\n<li>D\u1ef1 \u00e1n: Novotel H\u1ea1 Long Bay<br \/>\nKh\u00e1ch h\u00e0ng : Qu\u1ea3ng Ninh JSC<br \/>\nTh\u00f4ng tin: kh\u00e1ch s\u1ea1n 4 sao<\/li>\n<li>D\u1ef1 \u00e1n: Kh\u00e1ch s\u1ea1n Best Western Nha Trang<br \/>\nKh\u00e1ch h\u00e0ng: Havana<br \/>\nTh\u00f4ng tin: kh\u00e1ch s\u1ea1n 5 sao<\/li>\n<li>D\u1ef1 \u00e1n: Kh\u00e1ch s\u1ea1n Pullman S\u00e0i G\u00f2n<br \/>\nKh\u00e1ch h\u00e0ng: T\u1eadp \u0111o\u00e0n Liberty<br \/>\nTh\u00f4ng tin: kh\u00e1ch s\u1ea1n 5 sao<\/li>\n<\/ul>\n","protected":false},"excerpt":{"rendered":"<p>Ng\u00f4 Th\u1ecb Qu\u1ef3nh Nga Ki\u1ebfn tr\u00fac s\u01b0 n\u1ed9i th\u1ea5t H\u1ecdc v\u1ea5n 1989\u2013 1994: C\u1eed nh\u00e2n Ki\u1ebfn tr\u00fac s\u01b0 \u0110\u1ea1i h\u1ecdc Ki\u1ebfn tr\u00fac TP.HCM 1995 \u2013 2000: C\u1eed nh\u00e2n M\u1ef9 thu\u1eadt chuy\u00ean ng\u00e0nh Thi\u1ebft k\u1ebf n\u1ed9i th\u1ea5t H\u1ecdc vi\u1ec7n Thi\u1ebft k\u1ebf &amp; C\u00f4ng ngh\u1ec7 Qu\u1ed1c t\u1ebf Toronto, Canada Kinh nghi\u1ec7m l\u00e0m&#8230; <\/p>\n<div class=\"readmore\"><a href=\"https:\/\/lam-design.vn\/vi\/team-profile\/ngo-thi-quynh-nga\/\" class=\"btn-link\">Read more<\/a><\/div>\n","protected":false},"author":2,"featured_media":0,"parent":2555,"menu_order":0,"comment_status":"closed","ping_status":"closed","template":"template-elementor-default.php","meta":{"_mi_skip_tracking":false,"_monsterinsights_sitenote_active":false,"_monsterinsights_sitenote_note":"","_monsterinsights_sitenote_category":0},"aioseo_notices":[],"_links":{"self":[{"href":"https:\/\/lam-design.vn\/vi\/wp-json\/wp\/v2\/pages\/2559"}],"collection":[{"href":"https:\/\/lam-design.vn\/vi\/wp-json\/wp\/v2\/pages"}],"about":[{"href":"https:\/\/lam-design.vn\/vi\/wp-json\/wp\/v2\/types\/page"}],"author":[{"embeddable":true,"href":"https:\/\/lam-design.vn\/vi\/wp-json\/wp\/v2\/users\/2"}],"replies":[{"embeddable":true,"href":"https:\/\/lam-design.vn\/vi\/wp-json\/wp\/v2\/comments?post=2559"}],"version-history":[{"count":1,"href":"https:\/\/lam-design.vn\/vi\/wp-json\/wp\/v2\/pages\/2559\/revisions"}],"predecessor-version":[{"id":2561,"href":"https:\/\/lam-design.vn\/vi\/wp-json\/wp\/v2\/pages\/2559\/revisions\/2561"}],"up":[{"embeddable":true,"href":"https:\/\/lam-design.vn\/vi\/wp-json\/wp\/v2\/pages\/2555"}],"wp:attachment":[{"href":"https:\/\/lam-design.vn\/vi\/wp-json\/wp\/v2\/media?parent=2559"}],"curies":[{"name":"wp","href":"https:\/\/api.w.org\/{rel}","templated":true}]}}