{"id":2560,"date":"2023-07-03T08:32:45","date_gmt":"2023-07-03T08:32:45","guid":{"rendered":"https:\/\/lamdesignvn599.chiliweb.org\/?page_id=2560"},"modified":"2023-07-03T23:50:15","modified_gmt":"2023-07-03T23:50:15","slug":"pham-ngoc-thuy-anh","status":"publish","type":"page","link":"https:\/\/lam-design.vn\/vi\/team-profile\/pham-ngoc-thuy-anh\/","title":{"rendered":"PH\u1ea0M NG\u1eccC TH\u00d9Y ANH"},"content":{"rendered":"<p style=\"text-align: center;\">Ph\u1ea1m Ng\u1ecdc Th\u00f9y Anh<br \/>\nNh\u00e0 thi\u1ebft k\u1ebf cao c\u1ea5p<\/p>\n<p><strong>H\u1ecdc v\u1ea5n<\/strong><\/p>\n<p>2011 &#8211; 2014 <strong>C\u1eed nh\u00e2n Thi\u1ebft k\u1ebf N\u1ed9i th\u1ea5t<\/strong><br \/>\nH\u1ecdc vi\u1ec7n Ngh\u1ec7 thu\u1eadt, San Francisco, Hoa K\u1ef3<\/p>\n<p><strong>Kinh nghi\u1ec7m l\u00e0m vi\u1ec7c<\/strong><\/p>\n<p>2017 &#8211; Nay: <strong>Nh\u00e0 thi\u1ebft k\u1ebf cao c\u1ea5p<\/strong><br \/>\n<strong>LAM Design<\/strong>, Th\u00e0nh ph\u1ed1 H\u1ed3 Ch\u00ed Minh, Vi\u1ec7t Nam<\/p>\n<ul>\n<li>D\u1ef1 \u00e1n: Kh\u00e1ch s\u1ea1n Bay Capital, TP \u0110\u00e0 N\u1eb5ng<br \/>\nKh\u00e1ch h\u00e0ng: Bay Capital Vi\u1ec7t Nam<br \/>\nTh\u00f4ng tin: kh\u00e1ch s\u1ea1n 5 sao<\/li>\n<li>D\u1ef1 \u00e1n: Kh\u00e1ch s\u1ea1n La Paix, TP.HCM<br \/>\nKh\u00e1ch h\u00e0ng : C\u00f4ng ty du l\u1ecbch Qu\u00e2n Huy<br \/>\nTh\u00f4ng tin: Kh\u00e1ch s\u1ea1n Boutique<\/li>\n<li>D\u1ef1 \u00e1n: Khu d\u00e2n c\u01b0 B\u1eafc H\u1ed9i An<br \/>\nKh\u00e1ch h\u00e0ng : T\u1eadp \u0111o\u00e0n H&amp;B<br \/>\nTh\u00f4ng tin: Nh\u00e0 &amp; Bi\u1ec7t th\u1ef1<\/li>\n<li>D\u1ef1 \u00e1n: C\u0103n h\u1ed9 penthouse H\u1ea1 Long, V\u1ecbnh H\u1ea1 Long<br \/>\nKh\u00e1ch h\u00e0ng: Nh\u00e0 \u1edf t\u01b0 nh\u00e2n<br \/>\nTh\u00f4ng tin: Penthouse<\/li>\n<\/ul>\n<p>2014 &#8211; 2017: <strong>Thi\u1ebft k\u1ebf<\/strong> <b>n\u1ed9i th\u1ea5t<\/b><\/p>\n<p><strong>SIRHALO,<\/strong> Th\u00e0nh ph\u1ed1 H\u1ed3 Ch\u00ed Minh, Vi\u1ec7t Nam<\/p>\n<ul>\n<li>D\u1ef1 \u00e1n : Ibis Styles Nha Trang<br \/>\nKh\u00e1ch h\u00e0ng: T\u1eadp \u0111o\u00e0n Liberty<br \/>\nTh\u00f4ng tin: kh\u00e1ch s\u1ea1n 4 sao<\/li>\n<li>D\u1ef1 \u00e1n: Crowne Plaza Vi\u00eang Ch\u0103n<br \/>\nKh\u00e1ch h\u00e0ng : BIM Group<br \/>\nTh\u00f4ng tin: kh\u00e1ch s\u1ea1n 5 sao<\/li>\n<li>D\u1ef1 \u00e1n: Vinpearl H\u1ea1 Long hotel &amp; resort<br \/>\nKh\u00e1ch h\u00e0ng: T\u1eadp \u0111o\u00e0n Vingroup<br \/>\nTh\u00f4ng tin: Kh\u00e1ch s\u1ea1n &amp; resort 5 sao<\/li>\n<li>D\u1ef1 \u00e1n: Ch\u1ee3 An Nam, TP.HCM<br \/>\nKh\u00e1ch h\u00e0ng : An Nam group<br \/>\nTh\u00f4ng tin: ch\u1ee3 An Nam<\/li>\n<\/ul>\n","protected":false},"excerpt":{"rendered":"<p>Ph\u1ea1m Ng\u1ecdc Th\u00f9y Anh Nh\u00e0 thi\u1ebft k\u1ebf cao c\u1ea5p H\u1ecdc v\u1ea5n 2011 &#8211; 2014 C\u1eed nh\u00e2n Thi\u1ebft k\u1ebf N\u1ed9i th\u1ea5t H\u1ecdc vi\u1ec7n Ngh\u1ec7 thu\u1eadt, San Francisco, Hoa K\u1ef3 Kinh nghi\u1ec7m l\u00e0m vi\u1ec7c 2017 &#8211; Nay: Nh\u00e0 thi\u1ebft k\u1ebf cao c\u1ea5p LAM Design, Th\u00e0nh ph\u1ed1 H\u1ed3 Ch\u00ed Minh, Vi\u1ec7t Nam D\u1ef1&#8230; <\/p>\n<div class=\"readmore\"><a href=\"https:\/\/lam-design.vn\/vi\/team-profile\/pham-ngoc-thuy-anh\/\" class=\"btn-link\">Read more<\/a><\/div>\n","protected":false},"author":2,"featured_media":0,"parent":2555,"menu_order":0,"comment_status":"closed","ping_status":"closed","template":"","meta":{"_mi_skip_tracking":false,"_monsterinsights_sitenote_active":false,"_monsterinsights_sitenote_note":"","_monsterinsights_sitenote_category":0},"aioseo_notices":[],"_links":{"self":[{"href":"https:\/\/lam-design.vn\/vi\/wp-json\/wp\/v2\/pages\/2560"}],"collection":[{"href":"https:\/\/lam-design.vn\/vi\/wp-json\/wp\/v2\/pages"}],"about":[{"href":"https:\/\/lam-design.vn\/vi\/wp-json\/wp\/v2\/types\/page"}],"author":[{"embeddable":true,"href":"https:\/\/lam-design.vn\/vi\/wp-json\/wp\/v2\/users\/2"}],"replies":[{"embeddable":true,"href":"https:\/\/lam-design.vn\/vi\/wp-json\/wp\/v2\/comments?post=2560"}],"version-history":[{"count":1,"href":"https:\/\/lam-design.vn\/vi\/wp-json\/wp\/v2\/pages\/2560\/revisions"}],"predecessor-version":[{"id":2562,"href":"https:\/\/lam-design.vn\/vi\/wp-json\/wp\/v2\/pages\/2560\/revisions\/2562"}],"up":[{"embeddable":true,"href":"https:\/\/lam-design.vn\/vi\/wp-json\/wp\/v2\/pages\/2555"}],"wp:attachment":[{"href":"https:\/\/lam-design.vn\/vi\/wp-json\/wp\/v2\/media?parent=2560"}],"curies":[{"name":"wp","href":"https:\/\/api.w.org\/{rel}","templated":true}]}}