{"id":2563,"date":"2023-07-03T08:23:23","date_gmt":"2023-07-03T08:23:23","guid":{"rendered":"https:\/\/lamdesignvn599.chiliweb.org\/?page_id=2563"},"modified":"2023-07-03T23:59:18","modified_gmt":"2023-07-03T23:59:18","slug":"pham-thanh-ha","status":"publish","type":"page","link":"https:\/\/lam-design.vn\/vi\/team-profile\/pham-thanh-ha\/","title":{"rendered":"PH\u1ea0M THANH H\u00c0"},"content":{"rendered":"<p style=\"text-align: center;\">Ph\u1ea1m Thanh H\u00e0<br \/>\nGi\u00e1m \u0111\u1ed1c thi\u1ebft k\u1ebf<\/p>\n<p><strong>H\u1ecdc v\u1ea5n<\/strong><\/p>\n<p>2006 &#8211; 2010 <strong>C\u1eed nh\u00e2n M\u1ef9 thu\u1eadt Thi\u1ebft k\u1ebf n\u1ed9i th\u1ea5t<\/strong><\/p>\n<p>H\u1ecdc vi\u1ec7n Thi\u1ebft k\u1ebf &amp; C\u00f4ng ngh\u1ec7 Qu\u1ed1c t\u1ebf Toronto, Canada<\/p>\n<p><strong>Kinh nghi\u1ec7m l\u00e0m vi\u1ec7c<\/strong><\/p>\n<p>2021 &#8211; Nay: <strong>Gi\u00e1m \u0111\u1ed1c thi\u1ebft k\u1ebf<\/strong><\/p>\n<p><strong>LAM Design<\/strong>, Th\u00e0nh ph\u1ed1 H\u1ed3 Ch\u00ed Minh, Vi\u1ec7t Nam<\/p>\n<p>2013 &#8211; 2021: <strong>Chuy\u00ean vi\u00ean thi\u1ebft k\u1ebf cao c\u1ea5p<\/strong><\/p>\n<p><strong>SIRHALO,<\/strong> Th\u00e0nh ph\u1ed1 H\u1ed3 Ch\u00ed Minh, Vi\u1ec7t Nam<\/p>\n<ul>\n<li>D\u1ef1 \u00e1n: Movenpick Resort Ph\u00fa Qu\u1ed1c<br \/>\nKh\u00e1ch h\u00e0ng: MIK Group<br \/>\nTh\u00f4ng tin: Resort 5 sao \u2013 V\u1eadn h\u00e0nh b\u1edfi Movenpick\/Accor<br \/>\n300 ch\u00eca kh\u00f3a kh\u00e1ch s\u1ea1n, 300 ch\u00eca kh\u00f3a c\u0103n h\u1ed9 &amp; 70 c\u0103n bi\u1ec7t th\u1ef1<\/li>\n<li>D\u1ef1 \u00e1n: Crowne Plaza Vi\u00eang Ch\u0103n, L\u00e0o<br \/>\nKh\u00e1ch h\u00e0ng : BIM Group<br \/>\nTh\u00f4ng tin: Kh\u00e1ch s\u1ea1n 5 sao trong th\u00e0nh ph\u1ed1 \u2013 v\u1eadn h\u00e0nh b\u1edfi IHG<\/li>\n<li>D\u1ef1 \u00e1n: Bach Suites S\u00e0i G\u00f2n<br \/>\nKh\u00e1ch h\u00e0ng : C\u00f4ng ty B\u1ea1ch D\u01b0\u01a1ng<br \/>\nTh\u00f4ng tin: Kh\u00e1ch s\u1ea1n Luxury Boutique<\/li>\n<li>D\u1ef1 \u00e1n: Kh\u00e1ch s\u1ea1n La Festa, Central Village Ph\u00fa Qu\u1ed1c<br \/>\nKh\u00e1ch h\u00e0ng: T\u1eadp \u0111o\u00e0n Sungroup<br \/>\nTh\u00f4ng tin: Kh\u00e1ch s\u1ea1n 5 sao \u2013 Curio Collection do Hilton v\u1eadn h\u00e0nh<\/li>\n<\/ul>\n<p>2011 &#8211; 2013: <strong>Nh\u00e0 thi\u1ebft k\u1ebf n\u1ed9i th\u1ea5t<\/strong><\/p>\n<p><strong>Noor,<\/strong> Th\u00e0nh ph\u1ed1 H\u1ed3 Ch\u00ed Minh, Vi\u1ec7t Nam<\/p>\n<ul>\n<li>D\u1ef1 \u00e1n: Kh\u00e1ch s\u1ea1n Himalaya, Nepal<br \/>\nKhu d\u00e2n c\u01b0 V, TP.HCM, Vi\u1ec7t Nam<\/li>\n<\/ul>\n<p>2010 &#8211; 2011: <strong>Nh\u00e0 thi\u1ebft k\u1ebf n\u1ed9i th\u1ea5t<\/strong><\/p>\n<p><strong>1+1&gt;2<\/strong>,c\u00f4ng ty ki\u1ebfn tr\u00fac<br \/>\nD\u1ef1 \u00e1n: V\u0103n ph\u00f2ng T\u00e2n Ho\u00e0ng Minh, H\u00e0 N\u1ed9i<br \/>\nVilla Linh \u0110\u00e0m, H\u00e0 N\u1ed9i-Vi\u1ec7t Nam<\/p>\n<p>2010: <strong>Nh\u00e0 thi\u1ebft k\u1ebf n\u1ed9i th\u1ea5t c\u01a1 s\u1edf Gluckstein Design Planning Inc<\/strong><\/p>\n<ul>\n<li>Toronto \u2013 Canada<br \/>\nD\u1ef1 \u00e1n: Villa Bayview, Toronto -Canada<\/li>\n<\/ul>\n","protected":false},"excerpt":{"rendered":"<p>Ph\u1ea1m Thanh H\u00e0 Gi\u00e1m \u0111\u1ed1c thi\u1ebft k\u1ebf H\u1ecdc v\u1ea5n 2006 &#8211; 2010 C\u1eed nh\u00e2n M\u1ef9 thu\u1eadt Thi\u1ebft k\u1ebf n\u1ed9i th\u1ea5t H\u1ecdc vi\u1ec7n Thi\u1ebft k\u1ebf &amp; C\u00f4ng ngh\u1ec7 Qu\u1ed1c t\u1ebf Toronto, Canada Kinh nghi\u1ec7m l\u00e0m vi\u1ec7c 2021 &#8211; Nay: Gi\u00e1m \u0111\u1ed1c thi\u1ebft k\u1ebf LAM Design, Th\u00e0nh ph\u1ed1 H\u1ed3 Ch\u00ed Minh, Vi\u1ec7t&#8230; <\/p>\n<div class=\"readmore\"><a href=\"https:\/\/lam-design.vn\/vi\/team-profile\/pham-thanh-ha\/\" class=\"btn-link\">Read more<\/a><\/div>\n","protected":false},"author":2,"featured_media":0,"parent":2555,"menu_order":0,"comment_status":"closed","ping_status":"closed","template":"template-elementor-default.php","meta":{"_mi_skip_tracking":false,"_monsterinsights_sitenote_active":false,"_monsterinsights_sitenote_note":"","_monsterinsights_sitenote_category":0},"aioseo_notices":[],"_links":{"self":[{"href":"https:\/\/lam-design.vn\/vi\/wp-json\/wp\/v2\/pages\/2563"}],"collection":[{"href":"https:\/\/lam-design.vn\/vi\/wp-json\/wp\/v2\/pages"}],"about":[{"href":"https:\/\/lam-design.vn\/vi\/wp-json\/wp\/v2\/types\/page"}],"author":[{"embeddable":true,"href":"https:\/\/lam-design.vn\/vi\/wp-json\/wp\/v2\/users\/2"}],"replies":[{"embeddable":true,"href":"https:\/\/lam-design.vn\/vi\/wp-json\/wp\/v2\/comments?post=2563"}],"version-history":[{"count":1,"href":"https:\/\/lam-design.vn\/vi\/wp-json\/wp\/v2\/pages\/2563\/revisions"}],"predecessor-version":[{"id":2564,"href":"https:\/\/lam-design.vn\/vi\/wp-json\/wp\/v2\/pages\/2563\/revisions\/2564"}],"up":[{"embeddable":true,"href":"https:\/\/lam-design.vn\/vi\/wp-json\/wp\/v2\/pages\/2555"}],"wp:attachment":[{"href":"https:\/\/lam-design.vn\/vi\/wp-json\/wp\/v2\/media?parent=2563"}],"curies":[{"name":"wp","href":"https:\/\/api.w.org\/{rel}","templated":true}]}}