{"id":2566,"date":"2023-07-03T08:35:47","date_gmt":"2023-07-03T08:35:47","guid":{"rendered":"https:\/\/lamdesignvn599.chiliweb.org\/?page_id=2566"},"modified":"2023-07-04T00:05:40","modified_gmt":"2023-07-04T00:05:40","slug":"vo-chi-binh-nguyen","status":"publish","type":"page","link":"https:\/\/lam-design.vn\/vi\/team-profile\/vo-chi-binh-nguyen\/","title":{"rendered":"V\u00d5 CH\u00cd B\u00ccNH NGUY\u00caN"},"content":{"rendered":"<p style=\"text-align: center;\">V\u00f5 Ch\u00ed B\u00ecnh Nguy\u00ean<br \/>\nNh\u00e0 thi\u1ebft k\u1ebf n\u1ed9i th\u1ea5t<\/p>\n<p><strong>H\u1ecdc v\u1ea5n<\/strong><\/p>\n<p>2013 &#8211; 2017: <strong>C\u1eed nh\u00e2n chuy\u00ean ng\u00e0nh Thi\u1ebft k\u1ebf n\u1ed9i th\u1ea5t<\/strong><br \/>\n<strong>\u0110\u1ea1i h\u1ecdc T\u00f4n \u0110\u1ee9c Th\u1eafng,<\/strong> Th\u00e0nh ph\u1ed1 H\u1ed3 Ch\u00ed Minh, Vi\u1ec7t Nam<\/p>\n<p><strong>Kinh nghi\u1ec7m l\u00e0m vi\u1ec7c<\/strong><\/p>\n<p>2017 &#8211; Hi\u1ec7n t\u1ea1i: J<strong>unior Designer<\/strong><br \/>\n<strong>LAM Design,<\/strong> Th\u00e0nh ph\u1ed1 H\u1ed3 Ch\u00ed Minh, Vi\u1ec7t Nam<\/p>\n<ul>\n<li>D\u1ef1 \u00e1n: Kh\u00e1ch s\u1ea1n Bay Capital, TP \u0110\u00e0 N\u1eb5ng<br \/>\nKh\u00e1ch h\u00e0ng: Bay Capital Vi\u1ec7t Nam<br \/>\nTh\u00f4ng tin: kh\u00e1ch s\u1ea1n 5 sao<\/li>\n<li>D\u1ef1 \u00e1n: Kh\u00e1ch s\u1ea1n La Paix, TP.HCM<br \/>\nKh\u00e1ch h\u00e0ng : C\u00f4ng ty du l\u1ecbch Qu\u00e2n Huy<br \/>\nTh\u00f4ng tin: Kh\u00e1ch s\u1ea1n Boutique<\/li>\n<li>D\u1ef1 \u00e1n: Nh\u00e0 h\u00e0ng Madame L\u00e2n, TP \u0110\u00e0 N\u1eb5ng<br \/>\nKh\u00e1ch h\u00e0ng: C\u00f4ng ty th\u1ef1c ph\u1ea9m Fugi<br \/>\nTh\u00f4ng tin: Nh\u00e0 h\u00e0ng<\/li>\n<li>D\u1ef1 \u00e1n: B\u00ecnh Ti\u00ean Residences, B\u00ecnh Thu\u1eadn<br \/>\nKh\u00e1ch h\u00e0ng : Trung Nam Group<br \/>\nTh\u00f4ng tin: M\u00f4 h\u00ecnh bi\u1ec7t th\u1ef1<\/li>\n<\/ul>\n<p>2015 &#8211; 2017: <strong>Thi\u1ebft K\u1ebf<\/strong> <b>N\u1ed9i Th\u1ea5t<\/b><\/p>\n<p><strong>A8 Studio<\/strong>, Th\u00e0nh ph\u1ed1 H\u1ed3 Ch\u00ed Minh, Vi\u1ec7t Nam<\/p>\n<ul>\n<li>D\u1ef1 \u00e1n: Khu \u0111\u00f4 th\u1ecb D3 Retreat<br \/>\nKh\u00e1ch h\u00e0ng: Khu d\u00e2n c\u01b0 t\u01b0 nh\u00e2n<br \/>\nTh\u00f4ng tin: Bi\u1ec7t th\u1ef1<\/li>\n<li>D\u1ef1 \u00e1n: Bi\u1ec7t th\u1ef1 9D<br \/>\nKh\u00e1ch h\u00e0ng: Nh\u00e0 \u1edf t\u01b0 nh\u00e2n<br \/>\nTh\u00f4ng tin: Bi\u1ec7t th\u1ef1<\/li>\n<li>Project: Hong Bang University<br \/>\nKh\u00e1ch h\u00e0ng : Nguyen Hoang group<br \/>\nTh\u00f4ng tin: \u0110\u1ea1i h\u1ecdc<\/li>\n<li>D\u1ef1 \u00e1n: Bi\u1ec7t th\u1ef1 B\u00e0 R\u1ecba<br \/>\nKh\u00e1ch h\u00e0ng: Nh\u00e0 \u1edf t\u01b0 nh\u00e2n<br \/>\nTh\u00f4ng tin: Bi\u1ec7t th\u1ef1<\/li>\n<\/ul>\n","protected":false},"excerpt":{"rendered":"<p>V\u00f5 Ch\u00ed B\u00ecnh Nguy\u00ean Nh\u00e0 thi\u1ebft k\u1ebf n\u1ed9i th\u1ea5t H\u1ecdc v\u1ea5n 2013 &#8211; 2017: C\u1eed nh\u00e2n chuy\u00ean ng\u00e0nh Thi\u1ebft k\u1ebf n\u1ed9i th\u1ea5t \u0110\u1ea1i h\u1ecdc T\u00f4n \u0110\u1ee9c Th\u1eafng, Th\u00e0nh ph\u1ed1 H\u1ed3 Ch\u00ed Minh, Vi\u1ec7t Nam Kinh nghi\u1ec7m l\u00e0m vi\u1ec7c 2017 &#8211; Hi\u1ec7n t\u1ea1i: Junior Designer LAM Design, Th\u00e0nh ph\u1ed1 H\u1ed3 Ch\u00ed&#8230; <\/p>\n<div class=\"readmore\"><a href=\"https:\/\/lam-design.vn\/vi\/team-profile\/vo-chi-binh-nguyen\/\" class=\"btn-link\">Read more<\/a><\/div>\n","protected":false},"author":2,"featured_media":0,"parent":2555,"menu_order":0,"comment_status":"closed","ping_status":"closed","template":"","meta":{"_mi_skip_tracking":false,"_monsterinsights_sitenote_active":false,"_monsterinsights_sitenote_note":"","_monsterinsights_sitenote_category":0},"aioseo_notices":[],"_links":{"self":[{"href":"https:\/\/lam-design.vn\/vi\/wp-json\/wp\/v2\/pages\/2566"}],"collection":[{"href":"https:\/\/lam-design.vn\/vi\/wp-json\/wp\/v2\/pages"}],"about":[{"href":"https:\/\/lam-design.vn\/vi\/wp-json\/wp\/v2\/types\/page"}],"author":[{"embeddable":true,"href":"https:\/\/lam-design.vn\/vi\/wp-json\/wp\/v2\/users\/2"}],"replies":[{"embeddable":true,"href":"https:\/\/lam-design.vn\/vi\/wp-json\/wp\/v2\/comments?post=2566"}],"version-history":[{"count":1,"href":"https:\/\/lam-design.vn\/vi\/wp-json\/wp\/v2\/pages\/2566\/revisions"}],"predecessor-version":[{"id":2567,"href":"https:\/\/lam-design.vn\/vi\/wp-json\/wp\/v2\/pages\/2566\/revisions\/2567"}],"up":[{"embeddable":true,"href":"https:\/\/lam-design.vn\/vi\/wp-json\/wp\/v2\/pages\/2555"}],"wp:attachment":[{"href":"https:\/\/lam-design.vn\/vi\/wp-json\/wp\/v2\/media?parent=2566"}],"curies":[{"name":"wp","href":"https:\/\/api.w.org\/{rel}","templated":true}]}}